{"id":266,"date":"2022-09-28T16:39:27","date_gmt":"2022-09-28T14:39:27","guid":{"rendered":"http:\/\/snpmen-fo.fr\/?page_id=266"},"modified":"2022-09-29T15:29:18","modified_gmt":"2022-09-29T13:29:18","slug":"mentions-legales","status":"publish","type":"page","link":"https:\/\/snpmen-fo.fr\/index.php\/mentions-legales\/","title":{"rendered":"Mentions l\u00e9gales"},"content":{"rendered":"\n<h3 class=\"wp-block-heading\">\u00c0 propos du site<\/h3>\n\n\n\n<p>Site d\u2019information syndicale \u00e0 destination des agents de l\u2019administration centrale du minist\u00e8re de l\u2019\u00c9ducation nationale et de la Jeunesse, et du minist\u00e8re de l\u2019Enseignement sup\u00e9rieur et de la Recherche.<\/p>\n\n\n\n<h3 class=\"wp-block-heading\">\u00c9diteur<\/h3>\n\n\n\n<p>Syndicat National des Personnels du Minist\u00e8re de l\u2019\u00c9ducation nationale (SNPMEN-FO)<br>110 rue de Grenelle<br>75007 Paris<\/p>\n\n\n\n<p>T\u00e9l&nbsp;: 01 55 55 34 02<\/p>\n\n\n\n<p><a href=\"mailto:fosnpmen.syndicat-ac@education.gouv.fr\">fosnpmen.syndicat-ac@education.gouv.fr<\/a><\/p>\n\n\n\n<p>Directrice de la publication<br>H\u00e9l\u00e8ne Lauli\u00e9<br>Secr\u00e9taire g\u00e9n\u00e9rale du SNPMEN-FO<\/p>\n\n\n\n<h3 class=\"wp-block-heading\">H\u00e9bergement<\/h3>\n\n\n\n<p>OVHcloud<br><a href=\"https:\/\/www.ovhcloud.com\/fr\/\">https:\/\/www.ovhcloud.com\/fr\/<\/a><br>Si\u00e8ge social : 2 rue Kellermann &#8211; 59100 Roubaix \u2013 France<\/p>\n\n\n\n<h3 class=\"wp-block-heading\">D\u00e9veloppement<\/h3>\n\n\n\n<p>Les pages et le contenu du site sont g\u00e9n\u00e9r\u00e9s par l\u2019outil de publication WordPress, disponible sous licence GPLv2.<br><a href=\"https:\/\/fr.wordpress.org\/\">https:\/\/fr.wordpress.org\/<\/a><\/p>\n\n\n\n<h3 class=\"wp-block-heading\">Contenus et droits de reproduction<\/h3>\n\n\n\n<p>En application des articles L. 111-1 et L. 123-1 du Code de la Propri\u00e9t\u00e9 Intellectuelle, l\u2019ensemble des contenus de ce site (textes, images, vid\u00e9os et tout m\u00e9dia en g\u00e9n\u00e9ral), sauf mention contraire explicite, est prot\u00e9g\u00e9 par le droit d\u2019auteur. La reproduction, m\u00eame partielle, des contenus des pages de ce site sans accord pr\u00e9alable du SNPMEN-FO est strictement interdite.<\/p>\n\n\n\n<p>La reproduction, m\u00eame partielle, des contenus des pages de ce site sans accord pr\u00e9alable est strictement interdite (les courtes citations sont autoris\u00e9es par le droit fran\u00e7ais pour commentaires et critiques, tant que ceux-ci y sont strictement concomitants et que sont pr\u00e9cis\u00e9s l\u2019auteur original et le lien Internet vers la page source).<\/p>\n\n\n\n<h3 class=\"wp-block-heading\">Donn\u00e9es personnelles et cookies<\/h3>\n\n\n\n<p>Le SNPMEN-FO est tr\u00e8s attentif \u00e0 la protection des donn\u00e9es \u00e0 caract\u00e8re personnel et s&rsquo;engage \u00e0 ce que la collecte et le traitement des donn\u00e9es, effectu\u00e9s \u00e0 partir du site snpmen-fo.fr, soient conformes \u00e0 la loi Informatique et Libert\u00e9s et au r\u00e8glement g\u00e9n\u00e9ral sur la protection des donn\u00e9es (RGPD).<\/p>\n","protected":false},"excerpt":{"rendered":"<p>\u00c0 propos du site Site d\u2019information syndicale \u00e0 destination des agents de l\u2019administration centrale du minist\u00e8re de l\u2019\u00c9ducation nationale et de la Jeunesse, et du minist\u00e8re de l\u2019Enseignement sup\u00e9rieur et de la Recherche. \u00c9diteur Syndicat National des Personnels du Minist\u00e8re de l\u2019\u00c9ducation nationale (SNPMEN-FO)110 rue de Grenelle75007 Paris T\u00e9l&nbsp;: 01 55 55 34 02 fosnpmen.syndicat-ac@education.gouv.fr [&hellip;]<\/p>\n","protected":false},"author":4,"featured_media":0,"parent":0,"menu_order":0,"comment_status":"closed","ping_status":"closed","template":"","meta":{"site-sidebar-layout":"default","site-content-layout":"","ast-site-content-layout":"default","site-content-style":"default","site-sidebar-style":"default","ast-global-header-display":"","ast-banner-title-visibility":"","ast-main-header-display":"","ast-hfb-above-header-display":"","ast-hfb-below-header-display":"","ast-hfb-mobile-header-display":"","site-post-title":"","ast-breadcrumbs-content":"","ast-featured-img":"","footer-sml-layout":"","ast-disable-related-posts":"","theme-transparent-header-meta":"","adv-header-id-meta":"","stick-header-meta":"","header-above-stick-meta":"","header-main-stick-meta":"","header-below-stick-meta":"","astra-migrate-meta-layouts":"default","ast-page-background-enabled":"default","ast-page-background-meta":{"desktop":{"background-color":"var(--ast-global-color-4)","background-image":"","background-repeat":"repeat","background-position":"center center","background-size":"auto","background-attachment":"scroll","background-type":"","background-media":"","overlay-type":"","overlay-color":"","overlay-opacity":"","overlay-gradient":""},"tablet":{"background-color":"","background-image":"","background-repeat":"repeat","background-position":"center center","background-size":"auto","background-attachment":"scroll","background-type":"","background-media":"","overlay-type":"","overlay-color":"","overlay-opacity":"","overlay-gradient":""},"mobile":{"background-color":"","background-image":"","background-repeat":"repeat","background-position":"center center","background-size":"auto","background-attachment":"scroll","background-type":"","background-media":"","overlay-type":"","overlay-color":"","overlay-opacity":"","overlay-gradient":""}},"ast-content-background-meta":{"desktop":{"background-color":"var(--ast-global-color-5)","background-image":"","background-repeat":"repeat","background-position":"center center","background-size":"auto","background-attachment":"scroll","background-type":"","background-media":"","overlay-type":"","overlay-color":"","overlay-opacity":"","overlay-gradient":""},"tablet":{"background-color":"var(--ast-global-color-5)","background-image":"","background-repeat":"repeat","background-position":"center center","background-size":"auto","background-attachment":"scroll","background-type":"","background-media":"","overlay-type":"","overlay-color":"","overlay-opacity":"","overlay-gradient":""},"mobile":{"background-color":"var(--ast-global-color-5)","background-image":"","background-repeat":"repeat","background-position":"center center","background-size":"auto","background-attachment":"scroll","background-type":"","background-media":"","overlay-type":"","overlay-color":"","overlay-opacity":"","overlay-gradient":""}},"footnotes":""},"class_list":["post-266","page","type-page","status-publish","hentry"],"_links":{"self":[{"href":"https:\/\/snpmen-fo.fr\/index.php\/wp-json\/wp\/v2\/pages\/266","targetHints":{"allow":["GET"]}}],"collection":[{"href":"https:\/\/snpmen-fo.fr\/index.php\/wp-json\/wp\/v2\/pages"}],"about":[{"href":"https:\/\/snpmen-fo.fr\/index.php\/wp-json\/wp\/v2\/types\/page"}],"author":[{"embeddable":true,"href":"https:\/\/snpmen-fo.fr\/index.php\/wp-json\/wp\/v2\/users\/4"}],"replies":[{"embeddable":true,"href":"https:\/\/snpmen-fo.fr\/index.php\/wp-json\/wp\/v2\/comments?post=266"}],"version-history":[{"count":3,"href":"https:\/\/snpmen-fo.fr\/index.php\/wp-json\/wp\/v2\/pages\/266\/revisions"}],"predecessor-version":[{"id":276,"href":"https:\/\/snpmen-fo.fr\/index.php\/wp-json\/wp\/v2\/pages\/266\/revisions\/276"}],"wp:attachment":[{"href":"https:\/\/snpmen-fo.fr\/index.php\/wp-json\/wp\/v2\/media?parent=266"}],"curies":[{"name":"wp","href":"https:\/\/api.w.org\/{rel}","templated":true}]}}